{"id":109,"date":"2017-08-04T14:50:23","date_gmt":"2017-08-04T14:50:23","guid":{"rendered":"http:\/\/dwsinventory.hu\/?page_id=109"},"modified":"2021-04-09T13:21:35","modified_gmt":"2021-04-09T13:21:35","slug":"home","status":"publish","type":"page","link":"https:\/\/dwsinventory.hu\/en\/","title":{"rendered":"Home"},"content":{"rendered":"\n<style type=\"text\/css\" data-created_by=\"avia_inline_auto\" id=\"style-css-av-2dobkt-c56bac2e5ffcd49e88c50958f15d8b44\">\n.flex_column.av-2dobkt-c56bac2e5ffcd49e88c50958f15d8b44{\nborder-radius:0px 0px 0px 0px;\npadding:0px 0px 0px 0px;\n}\n<\/style>\n<div  class='flex_column av-2dobkt-c56bac2e5ffcd49e88c50958f15d8b44 av_one_full  avia-builder-el-0  el_before_av_one_third  avia-builder-el-first  first flex_column_div av-zero-column-padding  '     ><section  class='av_textblock_section av-29fi19-ab4d7add42f5867be015276e23fb68fe '   itemscope=\"itemscope\" itemtype=\"https:\/\/schema.org\/CreativeWork\" ><div class='avia_textblock'  itemprop=\"text\" ><p style=\"text-align: center;\">\n\t\t\t<!-- START idegennyelvure REVOLUTION SLIDER 6.7.39 --><p class=\"rs-p-wp-fix\"><\/p>\n\t\t\t<rs-module-wrap id=\"rev_slider_2_1_wrapper\" data-source=\"gallery\" style=\"visibility:hidden;background:transparent;padding:0;margin:0px auto;margin-top:0;margin-bottom:0;\">\n\t\t\t\t<rs-module id=\"rev_slider_2_1\" style=\"\" data-version=\"6.7.39\">\n\t\t\t\t\t<rs-slides style=\"overflow: hidden; position: absolute;\">\n\t\t\t\t\t\t<rs-slide style=\"position: absolute;\" data-key=\"rs-17\" data-title=\"Slide\" data-duration=\"6000\" data-anim=\"adpr:false;\" data-hsom=\"on\">\n\t\t\t\t\t\t\t<img decoding=\"async\" src=\"\/\/dwsinventory.hu\/wp-content\/plugins\/revslider\/sr6\/assets\/assets\/dummy.png\" alt=\"\" title=\"Home\" class=\"rev-slidebg tp-rs-img rs-lazyload\" data-lazyload=\"\/\/dwsinventory.hu\/wp-content\/uploads\/2020\/04\/kereskedelmi-leltar.jpg\" data-no-retina>\n<!---->\t\t\t\t\t<\/rs-slide>\n\t\t\t\t\t\t<rs-slide style=\"position: absolute;\" data-key=\"rs-18\" data-title=\"Slide\" data-duration=\"6000\" data-anim=\"adpr:false;\">\n\t\t\t\t\t\t\t<img decoding=\"async\" src=\"\/\/dwsinventory.hu\/wp-content\/plugins\/revslider\/sr6\/assets\/assets\/dummy.png\" alt=\"\" title=\"Home\" class=\"rev-slidebg tp-rs-img rs-lazyload\" data-lazyload=\"\/\/dwsinventory.hu\/wp-content\/uploads\/2020\/04\/vonalkodrendszer.jpg\" data-no-retina>\n<!---->\t\t\t\t\t<\/rs-slide>\n\t\t\t\t\t\t<rs-slide style=\"position: absolute;\" data-key=\"rs-19\" data-title=\"Slide\" data-duration=\"6000\" data-anim=\"adpr:false;\">\n\t\t\t\t\t\t\t<img decoding=\"async\" src=\"\/\/dwsinventory.hu\/wp-content\/plugins\/revslider\/sr6\/assets\/assets\/dummy.png\" alt=\"\" title=\"Home\" class=\"rev-slidebg tp-rs-img rs-lazyload\" data-lazyload=\"\/\/dwsinventory.hu\/wp-content\/uploads\/2020\/04\/bolti-leltar.jpg\" data-no-retina>\n<!---->\t\t\t\t\t<\/rs-slide>\n\t\t\t\t\t\t<rs-slide style=\"position: absolute;\" data-key=\"rs-20\" data-title=\"Slide\" data-duration=\"6000\" data-anim=\"adpr:false;\">\n\t\t\t\t\t\t\t<img decoding=\"async\" src=\"\/\/dwsinventory.hu\/wp-content\/plugins\/revslider\/sr6\/assets\/assets\/dummy.png\" alt=\"\" title=\"Home\" class=\"rev-slidebg tp-rs-img rs-lazyload\" data-lazyload=\"\/\/dwsinventory.hu\/wp-content\/uploads\/2020\/04\/leltar-lebonyolitas.jpg\" data-no-retina>\n<!---->\t\t\t\t\t<\/rs-slide>\n\t\t\t\t\t\t<rs-slide style=\"position: absolute;\" data-key=\"rs-21\" data-title=\"Slide\" data-duration=\"6000\" data-anim=\"adpr:false;\">\n\t\t\t\t\t\t\t<img decoding=\"async\" src=\"\/\/dwsinventory.hu\/wp-content\/plugins\/revslider\/sr6\/assets\/assets\/dummy.png\" alt=\"\" title=\"Home\" class=\"rev-slidebg tp-rs-img rs-lazyload\" data-lazyload=\"\/\/dwsinventory.hu\/wp-content\/uploads\/2020\/04\/targyi-eszkoz-leltar.jpg\" data-no-retina>\n<!---->\t\t\t\t\t<\/rs-slide>\n\t\t\t\t\t\t<rs-slide style=\"position: absolute;\" data-key=\"rs-22\" data-title=\"Slide\" data-duration=\"6000\" data-anim=\"adpr:false;\">\n\t\t\t\t\t\t\t<img decoding=\"async\" src=\"\/\/dwsinventory.hu\/wp-content\/plugins\/revslider\/sr6\/assets\/assets\/dummy.png\" alt=\"\" title=\"Home\" class=\"rev-slidebg tp-rs-img rs-lazyload\" data-lazyload=\"\/\/dwsinventory.hu\/wp-content\/uploads\/2020\/04\/leltariv-leltarozas.jpg\" data-no-retina>\n<!---->\t\t\t\t\t<\/rs-slide>\n\t\t\t\t\t<\/rs-slides>\n\t\t\t\t<\/rs-module>\n\t\t\t\t<script>\n\t\t\t\t\tsetREVStartSize({c: 'rev_slider_2_1',rl:[1240,1024,1024,1024],el:[],gw:[1410,1024,1024,1024],gh:[500,768,768,768],type:'standard',justify:'',layout:'fullwidth',mh:\"0\"});if (window.RS_MODULES!==undefined && window.RS_MODULES.modules!==undefined && window.RS_MODULES.modules[\"revslider21\"]!==undefined) {window.RS_MODULES.modules[\"revslider21\"].once = false;window.revapi2 = undefined;if (window.RS_MODULES.checkMinimal!==undefined) window.RS_MODULES.checkMinimal()}\n\t\t\t\t<\/script>\n\t\t\t<\/rs-module-wrap>\n\t\t\t<!-- END REVOLUTION SLIDER -->\n<\/p>\n<\/div><\/section><\/div>\n<style type=\"text\/css\" data-created_by=\"avia_inline_auto\" id=\"style-css-av-24ihcl-c4079a63f7403362f0ff17c876198946\">\n.flex_column.av-24ihcl-c4079a63f7403362f0ff17c876198946{\nborder-radius:0px 0px 0px 0px;\npadding:15px 15px 15px 15px;\nbackground-color:#3e6b93;\n}\n<\/style>\n<div  class='flex_column av-24ihcl-c4079a63f7403362f0ff17c876198946 av_one_third  avia-builder-el-2  el_after_av_one_full  el_before_av_one_third  first flex_column_div  column-top-margin'     ><p>\n<style type=\"text\/css\" data-created_by=\"avia_inline_auto\" id=\"style-css-av-6rwy5-f671f3a67faab3ad57af40f5427ee491\">\n.avia-image-container.av-6rwy5-f671f3a67faab3ad57af40f5427ee491 img.avia_image{\nbox-shadow:none;\n}\n.avia-image-container.av-6rwy5-f671f3a67faab3ad57af40f5427ee491 .av-image-caption-overlay-center{\ncolor:#ffffff;\n}\n<\/style>\n<div  class='avia-image-container av-6rwy5-f671f3a67faab3ad57af40f5427ee491 av-styling- avia-align-center  avia-builder-el-3  el_before_av_textblock  avia-builder-el-first '   itemprop=\"image\" itemscope=\"itemscope\" itemtype=\"https:\/\/schema.org\/ImageObject\" ><div class=\"avia-image-container-inner\"><div class=\"avia-image-overlay-wrap\"><img decoding=\"async\" fetchpriority=\"high\" class='wp-image-84 avia-img-lazy-loading-not-84 avia_image ' src=\"https:\/\/dwsinventory.hu\/wp-content\/uploads\/2017\/06\/leltarozas_2_targyi_eszkoz-80x80.png\" alt='T\u00e1rgyi eszk\u00f6z lelt\u00e1r - i' title='leltarozas_2_targyi_eszkoz-80x80'  height=\"80\" width=\"80\"  itemprop=\"thumbnailUrl\" srcset=\"https:\/\/dwsinventory.hu\/wp-content\/uploads\/2017\/06\/leltarozas_2_targyi_eszkoz-80x80.png 80w, https:\/\/dwsinventory.hu\/wp-content\/uploads\/2017\/06\/leltarozas_2_targyi_eszkoz-80x80-36x36.png 36w\" sizes=\"(max-width: 80px) 100vw, 80px\" \/><\/div><\/div><\/div><br \/>\n\n<style type=\"text\/css\" data-created_by=\"avia_inline_auto\" id=\"style-css-av-6i53h-62d856d6ce7564481fe6b76f6fcc8d95\">\n#top .av_textblock_section.av-6i53h-62d856d6ce7564481fe6b76f6fcc8d95 .avia_textblock{\ncolor:#ffffff;\n}\n<\/style>\n<section  class='av_textblock_section av-6i53h-62d856d6ce7564481fe6b76f6fcc8d95 '   itemscope=\"itemscope\" itemtype=\"https:\/\/schema.org\/CreativeWork\" ><div class='avia_textblock av_inherit_color'  itemprop=\"text\" ><h1 class=\"service_header_home\" style=\"text-align: center;\">Property inventory<\/h1>\n<\/div><\/section><br \/>\n<div  class='avia-button-wrap av-1kaq9x-7a67fd6823ad26b635f057595e1824c4-wrap avia-button-center  avia-builder-el-5  el_after_av_textblock  avia-builder-el-last '>\n<style type=\"text\/css\" data-created_by=\"avia_inline_auto\" id=\"style-css-av-1kaq9x-7a67fd6823ad26b635f057595e1824c4\">\n#top #wrap_all .avia-button.av-1kaq9x-7a67fd6823ad26b635f057595e1824c4{\nbackground-color:#ffffff;\nborder-color:#ffffff;\ncolor:#3e6b93;\ntransition:all 0.4s ease-in-out;\n}\n#top #wrap_all .avia-button.av-1kaq9x-7a67fd6823ad26b635f057595e1824c4 .avia-svg-icon svg:first-child{\nfill:#3e6b93;\nstroke:#3e6b93;\n}\n<\/style>\n<a href='\/en\/inventory\/property-inventory\/'  class='avia-button av-1kaq9x-7a67fd6823ad26b635f057595e1824c4 av-link-btn avia-icon_select-yes-right-icon avia-size-small avia-position-center'   aria-label=\"click to see it\"><span class='avia_iconbox_title' >click to see it<\/span><span class='avia_button_icon avia_button_icon_right avia-iconfont avia-font-entypo-fontello' data-av_icon='\ue87d' data-av_iconfont='entypo-fontello' ><\/span><\/a><\/div><\/p><\/div><\/p>\n\n<style type=\"text\/css\" data-created_by=\"avia_inline_auto\" id=\"style-css-av-1gy4gd-d29f48db89ea959601c27b58308dfef4\">\n.flex_column.av-1gy4gd-d29f48db89ea959601c27b58308dfef4{\nborder-radius:0px 0px 0px 0px;\npadding:15px 15px 15px 15px;\nbackground-color:#3e6b93;\n}\n<\/style>\n<div  class='flex_column av-1gy4gd-d29f48db89ea959601c27b58308dfef4 av_one_third  avia-builder-el-6  el_after_av_one_third  el_before_av_one_third  flex_column_div  column-top-margin'     ><p>\n<style type=\"text\/css\" data-created_by=\"avia_inline_auto\" id=\"style-css-av-1984ql-a51783351c18bdbef84efd9b13361df6\">\n.avia-image-container.av-1984ql-a51783351c18bdbef84efd9b13361df6 img.avia_image{\nbox-shadow:none;\n}\n.avia-image-container.av-1984ql-a51783351c18bdbef84efd9b13361df6 .av-image-caption-overlay-center{\ncolor:#ffffff;\n}\n<\/style>\n<div  class='avia-image-container av-1984ql-a51783351c18bdbef84efd9b13361df6 av-styling- avia-align-center  avia-builder-el-7  el_before_av_textblock  avia-builder-el-first '   itemprop=\"image\" itemscope=\"itemscope\" itemtype=\"https:\/\/schema.org\/ImageObject\" ><div class=\"avia-image-container-inner\"><div class=\"avia-image-overlay-wrap\"><img decoding=\"async\" fetchpriority=\"high\" class='wp-image-87 avia-img-lazy-loading-not-87 avia_image ' src=\"https:\/\/dwsinventory.hu\/wp-content\/uploads\/2017\/06\/leltarozas_1_keszlet-80x80.png\" alt='K\u00e9szletlelt\u00e1r' title='leltarozas_1_keszlet-80x80'  height=\"80\" width=\"80\"  itemprop=\"thumbnailUrl\" srcset=\"https:\/\/dwsinventory.hu\/wp-content\/uploads\/2017\/06\/leltarozas_1_keszlet-80x80.png 80w, https:\/\/dwsinventory.hu\/wp-content\/uploads\/2017\/06\/leltarozas_1_keszlet-80x80-36x36.png 36w\" sizes=\"(max-width: 80px) 100vw, 80px\" \/><\/div><\/div><\/div><br \/>\n\n<style type=\"text\/css\" data-created_by=\"avia_inline_auto\" id=\"style-css-av-125iud-e6afbe8d36c180c4577d9ef5ff4bab26\">\n#top .av_textblock_section.av-125iud-e6afbe8d36c180c4577d9ef5ff4bab26 .avia_textblock{\ncolor:#ffffff;\n}\n<\/style>\n<section  class='av_textblock_section av-125iud-e6afbe8d36c180c4577d9ef5ff4bab26 '   itemscope=\"itemscope\" itemtype=\"https:\/\/schema.org\/CreativeWork\" ><div class='avia_textblock av_inherit_color'  itemprop=\"text\" ><h1 class=\"service_header_home\" style=\"text-align: center;\">Stocktaking<\/h1>\n<\/div><\/section><br \/>\n<div  class='avia-button-wrap av-uwpyd-1c6174fd852547348789caeaccb200d8-wrap avia-button-center  avia-builder-el-9  el_after_av_textblock  avia-builder-el-last '>\n<style type=\"text\/css\" data-created_by=\"avia_inline_auto\" id=\"style-css-av-uwpyd-1c6174fd852547348789caeaccb200d8\">\n#top #wrap_all .avia-button.av-uwpyd-1c6174fd852547348789caeaccb200d8{\nbackground-color:#ffffff;\nborder-color:#ffffff;\ncolor:#3e6b93;\ntransition:all 0.4s ease-in-out;\n}\n#top #wrap_all .avia-button.av-uwpyd-1c6174fd852547348789caeaccb200d8 .avia-svg-icon svg:first-child{\nfill:#3e6b93;\nstroke:#3e6b93;\n}\n<\/style>\n<a href='https:\/\/dwsinventory.hu\/en\/inventory\/stocktaking\/'  class='avia-button av-uwpyd-1c6174fd852547348789caeaccb200d8 av-link-btn avia-icon_select-yes-right-icon avia-size-small avia-position-center'   aria-label=\"click to see it\"><span class='avia_iconbox_title' >click to see it<\/span><span class='avia_button_icon avia_button_icon_right avia-iconfont avia-font-entypo-fontello' data-av_icon='\ue87d' data-av_iconfont='entypo-fontello' ><\/span><\/a><\/div><\/p><\/div>\n\n<style type=\"text\/css\" data-created_by=\"avia_inline_auto\" id=\"style-css-av-t8n59-8f2fc2102d6339b7e47faa56fa4bd23e\">\n.flex_column.av-t8n59-8f2fc2102d6339b7e47faa56fa4bd23e{\nborder-radius:0px 0px 0px 0px;\npadding:15px 15px 15px 15px;\nbackground-color:#3e6b93;\n}\n<\/style>\n<div  class='flex_column av-t8n59-8f2fc2102d6339b7e47faa56fa4bd23e av_one_third  avia-builder-el-10  el_after_av_one_third  avia-builder-el-last  flex_column_div  column-top-margin'     ><p>\n<style type=\"text\/css\" data-created_by=\"avia_inline_auto\" id=\"style-css-av-iqmcl-1ca6955edb80fe08d220fbfa4efc4859\">\n.avia-image-container.av-iqmcl-1ca6955edb80fe08d220fbfa4efc4859 img.avia_image{\nbox-shadow:none;\n}\n.avia-image-container.av-iqmcl-1ca6955edb80fe08d220fbfa4efc4859 .av-image-caption-overlay-center{\ncolor:#ffffff;\n}\n<\/style>\n<div  class='avia-image-container av-iqmcl-1ca6955edb80fe08d220fbfa4efc4859 av-styling- avia-align-center  avia-builder-el-11  el_before_av_textblock  avia-builder-el-first '   itemprop=\"image\" itemscope=\"itemscope\" itemtype=\"https:\/\/schema.org\/ImageObject\" ><div class=\"avia-image-container-inner\"><div class=\"avia-image-overlay-wrap\"><img decoding=\"async\" fetchpriority=\"high\" class='wp-image-90 avia-img-lazy-loading-not-90 avia_image ' src=\"https:\/\/dwsinventory.hu\/wp-content\/uploads\/2017\/06\/leltarozas_3_leltarvezetes-80x80.png\" alt='Lelt\u00e1rellen\u0151rz\u00e9s' title='leltarozas_3_leltarvezetes-80x80'  height=\"80\" width=\"80\"  itemprop=\"thumbnailUrl\" srcset=\"https:\/\/dwsinventory.hu\/wp-content\/uploads\/2017\/06\/leltarozas_3_leltarvezetes-80x80.png 80w, https:\/\/dwsinventory.hu\/wp-content\/uploads\/2017\/06\/leltarozas_3_leltarvezetes-80x80-36x36.png 36w\" sizes=\"(max-width: 80px) 100vw, 80px\" \/><\/div><\/div><\/div><br \/>\n\n<style type=\"text\/css\" data-created_by=\"avia_inline_auto\" id=\"style-css-av-fnt5h-e960d7a08ef3a98b84fe55894b41710f\">\n#top .av_textblock_section.av-fnt5h-e960d7a08ef3a98b84fe55894b41710f .avia_textblock{\ncolor:#ffffff;\n}\n<\/style>\n<section  class='av_textblock_section av-fnt5h-e960d7a08ef3a98b84fe55894b41710f '   itemscope=\"itemscope\" itemtype=\"https:\/\/schema.org\/CreativeWork\" ><div class='avia_textblock av_inherit_color'  itemprop=\"text\" ><h1 class=\"service_header_home\" style=\"text-align: center;\">Invetory control<\/h1>\n<\/div><\/section><br \/>\n<div  class='avia-button-wrap av-ar8o5-7f0ad9f2ac05c9d10b98af4733ee7002-wrap avia-button-center  avia-builder-el-13  el_after_av_textblock  avia-builder-el-last '>\n<style type=\"text\/css\" data-created_by=\"avia_inline_auto\" id=\"style-css-av-ar8o5-7f0ad9f2ac05c9d10b98af4733ee7002\">\n#top #wrap_all .avia-button.av-ar8o5-7f0ad9f2ac05c9d10b98af4733ee7002{\nbackground-color:#ffffff;\nborder-color:#ffffff;\ncolor:#3e6b93;\ntransition:all 0.4s ease-in-out;\n}\n#top #wrap_all .avia-button.av-ar8o5-7f0ad9f2ac05c9d10b98af4733ee7002 .avia-svg-icon svg:first-child{\nfill:#3e6b93;\nstroke:#3e6b93;\n}\n<\/style>\n<a href='\/en\/inventory\/inventory-control\/'  class='avia-button av-ar8o5-7f0ad9f2ac05c9d10b98af4733ee7002 av-link-btn avia-icon_select-yes-right-icon avia-size-small avia-position-center'   aria-label=\"click to see it\"><span class='avia_iconbox_title' >click to see it<\/span><span class='avia_button_icon avia_button_icon_right avia-iconfont avia-font-entypo-fontello' data-av_icon='\ue87d' data-av_iconfont='entypo-fontello' ><\/span><\/a><\/div><\/p><\/div>\n","protected":false},"excerpt":{"rendered":"","protected":false},"author":5,"featured_media":0,"parent":0,"menu_order":0,"comment_status":"closed","ping_status":"closed","template":"","meta":{"footnotes":""},"class_list":["post-109","page","type-page","status-publish","hentry"],"yoast_head":"<!-- This site is optimized with the Yoast SEO plugin v26.6 - https:\/\/yoast.com\/wordpress\/plugins\/seo\/ -->\n<title>Home - DWS Inventory<\/title>\n<meta name=\"description\" content=\"We offer efficient, well detailed and objective services, regardless the interests of the companies\u2019 executives.\" \/>\n<meta name=\"robots\" content=\"index, follow, max-snippet:-1, max-image-preview:large, max-video-preview:-1\" \/>\n<link rel=\"canonical\" href=\"https:\/\/dwsinventory.hu\/en\/\" \/>\n<meta property=\"og:locale\" content=\"en_US\" \/>\n<meta property=\"og:type\" content=\"article\" \/>\n<meta property=\"og:title\" content=\"Home - DWS Inventory\" \/>\n<meta property=\"og:description\" content=\"We offer efficient, well detailed and objective services, regardless the interests of the companies\u2019 executives.\" \/>\n<meta property=\"og:url\" content=\"https:\/\/dwsinventory.hu\/en\/\" \/>\n<meta property=\"og:site_name\" content=\"DWS Inventory\" \/>\n<meta property=\"article:modified_time\" content=\"2021-04-09T13:21:35+00:00\" \/>\n<meta name=\"twitter:card\" content=\"summary_large_image\" \/>\n<meta name=\"twitter:label1\" content=\"Est. reading time\" \/>\n\t<meta name=\"twitter:data1\" content=\"3 minutes\" \/>\n<script type=\"application\/ld+json\" class=\"yoast-schema-graph\">{\"@context\":\"https:\/\/schema.org\",\"@graph\":[{\"@type\":\"WebPage\",\"@id\":\"https:\/\/dwsinventory.hu\/en\/\",\"url\":\"https:\/\/dwsinventory.hu\/en\/\",\"name\":\"Home - DWS Inventory\",\"isPartOf\":{\"@id\":\"https:\/\/dwsinventory.hu\/#website\"},\"datePublished\":\"2017-08-04T14:50:23+00:00\",\"dateModified\":\"2021-04-09T13:21:35+00:00\",\"description\":\"We offer efficient, well detailed and objective services, regardless the interests of the companies\u2019 executives.\",\"breadcrumb\":{\"@id\":\"https:\/\/dwsinventory.hu\/en\/#breadcrumb\"},\"inLanguage\":\"en-US\",\"potentialAction\":[{\"@type\":\"ReadAction\",\"target\":[\"https:\/\/dwsinventory.hu\/en\/\"]}]},{\"@type\":\"BreadcrumbList\",\"@id\":\"https:\/\/dwsinventory.hu\/en\/#breadcrumb\",\"itemListElement\":[{\"@type\":\"ListItem\",\"position\":1,\"name\":\"Home\",\"item\":\"https:\/\/dwsinventory.hu\/en\/\"},{\"@type\":\"ListItem\",\"position\":2,\"name\":\"Home\"}]},{\"@type\":\"WebSite\",\"@id\":\"https:\/\/dwsinventory.hu\/#website\",\"url\":\"https:\/\/dwsinventory.hu\/\",\"name\":\"DWS Inventory\",\"description\":\"Inventory, inventory control\",\"potentialAction\":[{\"@type\":\"SearchAction\",\"target\":{\"@type\":\"EntryPoint\",\"urlTemplate\":\"https:\/\/dwsinventory.hu\/?s={search_term_string}\"},\"query-input\":{\"@type\":\"PropertyValueSpecification\",\"valueRequired\":true,\"valueName\":\"search_term_string\"}}],\"inLanguage\":\"en-US\"}]}<\/script>\n<!-- \/ Yoast SEO plugin. -->","yoast_head_json":{"title":"Home - DWS Inventory","description":"We offer efficient, well detailed and objective services, regardless the interests of the companies\u2019 executives.","robots":{"index":"index","follow":"follow","max-snippet":"max-snippet:-1","max-image-preview":"max-image-preview:large","max-video-preview":"max-video-preview:-1"},"canonical":"https:\/\/dwsinventory.hu\/en\/","og_locale":"en_US","og_type":"article","og_title":"Home - DWS Inventory","og_description":"We offer efficient, well detailed and objective services, regardless the interests of the companies\u2019 executives.","og_url":"https:\/\/dwsinventory.hu\/en\/","og_site_name":"DWS Inventory","article_modified_time":"2021-04-09T13:21:35+00:00","twitter_card":"summary_large_image","twitter_misc":{"Est. reading time":"3 minutes"},"schema":{"@context":"https:\/\/schema.org","@graph":[{"@type":"WebPage","@id":"https:\/\/dwsinventory.hu\/en\/","url":"https:\/\/dwsinventory.hu\/en\/","name":"Home - DWS Inventory","isPartOf":{"@id":"https:\/\/dwsinventory.hu\/#website"},"datePublished":"2017-08-04T14:50:23+00:00","dateModified":"2021-04-09T13:21:35+00:00","description":"We offer efficient, well detailed and objective services, regardless the interests of the companies\u2019 executives.","breadcrumb":{"@id":"https:\/\/dwsinventory.hu\/en\/#breadcrumb"},"inLanguage":"en-US","potentialAction":[{"@type":"ReadAction","target":["https:\/\/dwsinventory.hu\/en\/"]}]},{"@type":"BreadcrumbList","@id":"https:\/\/dwsinventory.hu\/en\/#breadcrumb","itemListElement":[{"@type":"ListItem","position":1,"name":"Home","item":"https:\/\/dwsinventory.hu\/en\/"},{"@type":"ListItem","position":2,"name":"Home"}]},{"@type":"WebSite","@id":"https:\/\/dwsinventory.hu\/#website","url":"https:\/\/dwsinventory.hu\/","name":"DWS Inventory","description":"Inventory, inventory control","potentialAction":[{"@type":"SearchAction","target":{"@type":"EntryPoint","urlTemplate":"https:\/\/dwsinventory.hu\/?s={search_term_string}"},"query-input":{"@type":"PropertyValueSpecification","valueRequired":true,"valueName":"search_term_string"}}],"inLanguage":"en-US"}]}},"_links":{"self":[{"href":"https:\/\/dwsinventory.hu\/en\/wp-json\/wp\/v2\/pages\/109","targetHints":{"allow":["GET"]}}],"collection":[{"href":"https:\/\/dwsinventory.hu\/en\/wp-json\/wp\/v2\/pages"}],"about":[{"href":"https:\/\/dwsinventory.hu\/en\/wp-json\/wp\/v2\/types\/page"}],"author":[{"embeddable":true,"href":"https:\/\/dwsinventory.hu\/en\/wp-json\/wp\/v2\/users\/5"}],"replies":[{"embeddable":true,"href":"https:\/\/dwsinventory.hu\/en\/wp-json\/wp\/v2\/comments?post=109"}],"version-history":[{"count":7,"href":"https:\/\/dwsinventory.hu\/en\/wp-json\/wp\/v2\/pages\/109\/revisions"}],"predecessor-version":[{"id":843,"href":"https:\/\/dwsinventory.hu\/en\/wp-json\/wp\/v2\/pages\/109\/revisions\/843"}],"wp:attachment":[{"href":"https:\/\/dwsinventory.hu\/en\/wp-json\/wp\/v2\/media?parent=109"}],"curies":[{"name":"wp","href":"https:\/\/api.w.org\/{rel}","templated":true}]}}