{"id":146,"date":"2017-08-17T07:29:29","date_gmt":"2017-08-17T07:29:29","guid":{"rendered":"http:\/\/dwsinventory.hu\/?page_id=146\/"},"modified":"2021-04-09T14:32:03","modified_gmt":"2021-04-09T14:32:03","slug":"zuhause","status":"publish","type":"page","link":"https:\/\/dwsinventory.hu\/de\/","title":{"rendered":"Zuhause"},"content":{"rendered":"\n<style type=\"text\/css\" data-created_by=\"avia_inline_auto\" id=\"style-css-av-av_one_full-352b07ef7d3bc99b2e9f92e7a9e06bdb\">\n.flex_column.av-av_one_full-352b07ef7d3bc99b2e9f92e7a9e06bdb{\nborder-radius:0px 0px 0px 0px;\npadding:0px 0px 0px 0px;\n}\n<\/style>\n<div  class='flex_column av-av_one_full-352b07ef7d3bc99b2e9f92e7a9e06bdb av_one_full  avia-builder-el-0  el_before_av_one_third  avia-builder-el-first  first flex_column_div av-zero-column-padding  '     ><section  class='av_textblock_section av-kc20cfyb-f58a55febe4446c9cce0b1da8566fe3b '   itemscope=\"itemscope\" itemtype=\"https:\/\/schema.org\/CreativeWork\" ><div class='avia_textblock'  itemprop=\"text\" ><p style=\"text-align: center;\">\n\t\t\t<!-- START idegennyelvure REVOLUTION SLIDER 6.7.39 --><p class=\"rs-p-wp-fix\"><\/p>\n\t\t\t<rs-module-wrap id=\"rev_slider_2_1_wrapper\" data-source=\"gallery\" style=\"visibility:hidden;background:transparent;padding:0;margin:0px auto;margin-top:0;margin-bottom:0;\">\n\t\t\t\t<rs-module id=\"rev_slider_2_1\" style=\"\" data-version=\"6.7.39\">\n\t\t\t\t\t<rs-slides style=\"overflow: hidden; position: absolute;\">\n\t\t\t\t\t\t<rs-slide style=\"position: absolute;\" data-key=\"rs-17\" data-title=\"Slide\" data-duration=\"6000\" data-anim=\"adpr:false;\" data-hsom=\"on\">\n\t\t\t\t\t\t\t<img decoding=\"async\" src=\"\/\/dwsinventory.hu\/wp-content\/plugins\/revslider\/sr6\/assets\/assets\/dummy.png\" alt=\"\" title=\"Zuhause\" class=\"rev-slidebg tp-rs-img rs-lazyload\" data-lazyload=\"\/\/dwsinventory.hu\/wp-content\/uploads\/2020\/04\/kereskedelmi-leltar.jpg\" data-no-retina>\n<!---->\t\t\t\t\t<\/rs-slide>\n\t\t\t\t\t\t<rs-slide style=\"position: absolute;\" data-key=\"rs-18\" data-title=\"Slide\" data-duration=\"6000\" data-anim=\"adpr:false;\">\n\t\t\t\t\t\t\t<img decoding=\"async\" src=\"\/\/dwsinventory.hu\/wp-content\/plugins\/revslider\/sr6\/assets\/assets\/dummy.png\" alt=\"\" title=\"Zuhause\" class=\"rev-slidebg tp-rs-img rs-lazyload\" data-lazyload=\"\/\/dwsinventory.hu\/wp-content\/uploads\/2020\/04\/vonalkodrendszer.jpg\" data-no-retina>\n<!---->\t\t\t\t\t<\/rs-slide>\n\t\t\t\t\t\t<rs-slide style=\"position: absolute;\" data-key=\"rs-19\" data-title=\"Slide\" data-duration=\"6000\" data-anim=\"adpr:false;\">\n\t\t\t\t\t\t\t<img decoding=\"async\" src=\"\/\/dwsinventory.hu\/wp-content\/plugins\/revslider\/sr6\/assets\/assets\/dummy.png\" alt=\"\" title=\"Zuhause\" class=\"rev-slidebg tp-rs-img rs-lazyload\" data-lazyload=\"\/\/dwsinventory.hu\/wp-content\/uploads\/2020\/04\/bolti-leltar.jpg\" data-no-retina>\n<!---->\t\t\t\t\t<\/rs-slide>\n\t\t\t\t\t\t<rs-slide style=\"position: absolute;\" data-key=\"rs-20\" data-title=\"Slide\" data-duration=\"6000\" data-anim=\"adpr:false;\">\n\t\t\t\t\t\t\t<img decoding=\"async\" src=\"\/\/dwsinventory.hu\/wp-content\/plugins\/revslider\/sr6\/assets\/assets\/dummy.png\" alt=\"\" title=\"Zuhause\" class=\"rev-slidebg tp-rs-img rs-lazyload\" data-lazyload=\"\/\/dwsinventory.hu\/wp-content\/uploads\/2020\/04\/leltar-lebonyolitas.jpg\" data-no-retina>\n<!---->\t\t\t\t\t<\/rs-slide>\n\t\t\t\t\t\t<rs-slide style=\"position: absolute;\" data-key=\"rs-21\" data-title=\"Slide\" data-duration=\"6000\" data-anim=\"adpr:false;\">\n\t\t\t\t\t\t\t<img decoding=\"async\" src=\"\/\/dwsinventory.hu\/wp-content\/plugins\/revslider\/sr6\/assets\/assets\/dummy.png\" alt=\"\" title=\"Zuhause\" class=\"rev-slidebg tp-rs-img rs-lazyload\" data-lazyload=\"\/\/dwsinventory.hu\/wp-content\/uploads\/2020\/04\/targyi-eszkoz-leltar.jpg\" data-no-retina>\n<!---->\t\t\t\t\t<\/rs-slide>\n\t\t\t\t\t\t<rs-slide style=\"position: absolute;\" data-key=\"rs-22\" data-title=\"Slide\" data-duration=\"6000\" data-anim=\"adpr:false;\">\n\t\t\t\t\t\t\t<img decoding=\"async\" src=\"\/\/dwsinventory.hu\/wp-content\/plugins\/revslider\/sr6\/assets\/assets\/dummy.png\" alt=\"\" title=\"Zuhause\" class=\"rev-slidebg tp-rs-img rs-lazyload\" data-lazyload=\"\/\/dwsinventory.hu\/wp-content\/uploads\/2020\/04\/leltariv-leltarozas.jpg\" data-no-retina>\n<!---->\t\t\t\t\t<\/rs-slide>\n\t\t\t\t\t<\/rs-slides>\n\t\t\t\t<\/rs-module>\n\t\t\t\t<script>\n\t\t\t\t\tsetREVStartSize({c: 'rev_slider_2_1',rl:[1240,1024,1024,1024],el:[],gw:[1410,1024,1024,1024],gh:[500,768,768,768],type:'standard',justify:'',layout:'fullwidth',mh:\"0\"});if (window.RS_MODULES!==undefined && window.RS_MODULES.modules!==undefined && window.RS_MODULES.modules[\"revslider21\"]!==undefined) {window.RS_MODULES.modules[\"revslider21\"].once = false;window.revapi2 = undefined;if (window.RS_MODULES.checkMinimal!==undefined) window.RS_MODULES.checkMinimal()}\n\t\t\t\t<\/script>\n\t\t\t<\/rs-module-wrap>\n\t\t\t<!-- END REVOLUTION SLIDER -->\n<\/p>\n<\/div><\/section><\/div>\n<style type=\"text\/css\" data-created_by=\"avia_inline_auto\" id=\"style-css-av-av_one_third-15fd58c9c3c79f48f6a26e3a3167117b\">\n.flex_column.av-av_one_third-15fd58c9c3c79f48f6a26e3a3167117b{\nborder-radius:0px 0px 0px 0px;\npadding:15px 15px 15px 15px;\nbackground-color:#3e6b93;\n}\n<\/style>\n<div  class='flex_column av-av_one_third-15fd58c9c3c79f48f6a26e3a3167117b av_one_third  avia-builder-el-2  el_after_av_one_full  el_before_av_one_third  first flex_column_div  column-top-margin'     ><p>\n<style type=\"text\/css\" data-created_by=\"avia_inline_auto\" id=\"style-css-av-av_image-6925dc05e3059f9673c1011125785be1\">\n.avia-image-container.av-av_image-6925dc05e3059f9673c1011125785be1 img.avia_image{\nbox-shadow:none;\n}\n.avia-image-container.av-av_image-6925dc05e3059f9673c1011125785be1 .av-image-caption-overlay-center{\ncolor:#ffffff;\n}\n<\/style>\n<div  class='avia-image-container av-av_image-6925dc05e3059f9673c1011125785be1 av-styling- avia-align-center  avia-builder-el-3  el_before_av_textblock  avia-builder-el-first '   itemprop=\"image\" itemscope=\"itemscope\" itemtype=\"https:\/\/schema.org\/ImageObject\" ><div class=\"avia-image-container-inner\"><div class=\"avia-image-overlay-wrap\"><img decoding=\"async\" fetchpriority=\"high\" class='wp-image-85 avia-img-lazy-loading-not-85 avia_image ' src=\"https:\/\/dwsinventory.hu\/wp-content\/uploads\/2017\/06\/leltarozas_2_targyi_eszkoz-80x80.png\" alt='T\u00e1rgyi eszk\u00f6z lelt\u00e1r - i' title='leltarozas_2_targyi_eszkoz-80x80'  height=\"80\" width=\"80\"  itemprop=\"thumbnailUrl\" srcset=\"https:\/\/dwsinventory.hu\/wp-content\/uploads\/2017\/06\/leltarozas_2_targyi_eszkoz-80x80.png 80w, https:\/\/dwsinventory.hu\/wp-content\/uploads\/2017\/06\/leltarozas_2_targyi_eszkoz-80x80-36x36.png 36w\" sizes=\"(max-width: 80px) 100vw, 80px\" \/><\/div><\/div><\/div><br \/>\n\n<style type=\"text\/css\" data-created_by=\"avia_inline_auto\" id=\"style-css-av-av_textblock-0b24277fcb3157fd54563c4417ea17f7\">\n#top .av_textblock_section.av-av_textblock-0b24277fcb3157fd54563c4417ea17f7 .avia_textblock{\ncolor:#ffffff;\n}\n<\/style>\n<section  class='av_textblock_section av-av_textblock-0b24277fcb3157fd54563c4417ea17f7 '   itemscope=\"itemscope\" itemtype=\"https:\/\/schema.org\/CreativeWork\" ><div class='avia_textblock av_inherit_color'  itemprop=\"text\" ><h1 class=\"service_header_home\" style=\"text-align: center;\">Sachanlageninventur<\/h1>\n<\/div><\/section><br \/>\n<div  class='avia-button-wrap av-av_button-4ec1c4e2d6472ddbfaac484807c24f91-wrap avia-button-center  avia-builder-el-5  el_after_av_textblock  avia-builder-el-last '>\n<style type=\"text\/css\" data-created_by=\"avia_inline_auto\" id=\"style-css-av-av_button-4ec1c4e2d6472ddbfaac484807c24f91\">\n#top #wrap_all .avia-button.av-av_button-4ec1c4e2d6472ddbfaac484807c24f91{\nbackground-color:#ffffff;\nborder-color:#ffffff;\ncolor:#3e6b93;\ntransition:all 0.4s ease-in-out;\n}\n#top #wrap_all .avia-button.av-av_button-4ec1c4e2d6472ddbfaac484807c24f91 .avia-svg-icon svg:first-child{\nfill:#3e6b93;\nstroke:#3e6b93;\n}\n<\/style>\n<a href='\/de\/inventur\/sachanlageninventur\/'  class='avia-button av-av_button-4ec1c4e2d6472ddbfaac484807c24f91 av-link-btn avia-icon_select-yes-right-icon avia-size-small avia-position-center'   aria-label=\"Weiter\"><span class='avia_iconbox_title' >Weiter<\/span><span class='avia_button_icon avia_button_icon_right avia-iconfont avia-font-entypo-fontello' data-av_icon='\ue87d' data-av_iconfont='entypo-fontello' ><\/span><\/a><\/div><\/p><\/div><\/p>\n\n<style type=\"text\/css\" data-created_by=\"avia_inline_auto\" id=\"style-css-av-av_one_third-b7eb44afaddb1180658d35d71928ddda\">\n.flex_column.av-av_one_third-b7eb44afaddb1180658d35d71928ddda{\nborder-radius:0px 0px 0px 0px;\npadding:15px 15px 15px 15px;\nbackground-color:#3e6b93;\n}\n<\/style>\n<div  class='flex_column av-av_one_third-b7eb44afaddb1180658d35d71928ddda av_one_third  avia-builder-el-6  el_after_av_one_third  el_before_av_one_third  flex_column_div  column-top-margin'     ><p>\n<style type=\"text\/css\" data-created_by=\"avia_inline_auto\" id=\"style-css-av-av_image-70e8850cb576d374146964e42fd9fe83\">\n.avia-image-container.av-av_image-70e8850cb576d374146964e42fd9fe83 img.avia_image{\nbox-shadow:none;\n}\n.avia-image-container.av-av_image-70e8850cb576d374146964e42fd9fe83 .av-image-caption-overlay-center{\ncolor:#ffffff;\n}\n<\/style>\n<div  class='avia-image-container av-av_image-70e8850cb576d374146964e42fd9fe83 av-styling- avia-align-center  avia-builder-el-7  el_before_av_textblock  avia-builder-el-first '   itemprop=\"image\" itemscope=\"itemscope\" itemtype=\"https:\/\/schema.org\/ImageObject\" ><div class=\"avia-image-container-inner\"><div class=\"avia-image-overlay-wrap\"><img decoding=\"async\" fetchpriority=\"high\" class='wp-image-88 avia-img-lazy-loading-not-88 avia_image ' src=\"https:\/\/dwsinventory.hu\/wp-content\/uploads\/2017\/06\/leltarozas_1_keszlet-80x80.png\" alt='K\u00e9szletlelt\u00e1r' title='leltarozas_1_keszlet-80x80'  height=\"80\" width=\"80\"  itemprop=\"thumbnailUrl\" srcset=\"https:\/\/dwsinventory.hu\/wp-content\/uploads\/2017\/06\/leltarozas_1_keszlet-80x80.png 80w, https:\/\/dwsinventory.hu\/wp-content\/uploads\/2017\/06\/leltarozas_1_keszlet-80x80-36x36.png 36w\" sizes=\"(max-width: 80px) 100vw, 80px\" \/><\/div><\/div><\/div><br \/>\n\n<style type=\"text\/css\" data-created_by=\"avia_inline_auto\" id=\"style-css-av-av_textblock-dd2387397296c1a314b0b5f4a3f918a3\">\n#top .av_textblock_section.av-av_textblock-dd2387397296c1a314b0b5f4a3f918a3 .avia_textblock{\ncolor:#ffffff;\n}\n<\/style>\n<section  class='av_textblock_section av-av_textblock-dd2387397296c1a314b0b5f4a3f918a3 '   itemscope=\"itemscope\" itemtype=\"https:\/\/schema.org\/CreativeWork\" ><div class='avia_textblock av_inherit_color'  itemprop=\"text\" ><h1 class=\"service_header_home\" style=\"text-align: center;\">Inventar<\/h1>\n<\/div><\/section><br \/>\n<div  class='avia-button-wrap av-av_button-e65d937ddedc13367765cb5ba762977d-wrap avia-button-center  avia-builder-el-9  el_after_av_textblock  avia-builder-el-last '>\n<style type=\"text\/css\" data-created_by=\"avia_inline_auto\" id=\"style-css-av-av_button-e65d937ddedc13367765cb5ba762977d\">\n#top #wrap_all .avia-button.av-av_button-e65d937ddedc13367765cb5ba762977d{\nbackground-color:#ffffff;\nborder-color:#ffffff;\ncolor:#3e6b93;\ntransition:all 0.4s ease-in-out;\n}\n#top #wrap_all .avia-button.av-av_button-e65d937ddedc13367765cb5ba762977d .avia-svg-icon svg:first-child{\nfill:#3e6b93;\nstroke:#3e6b93;\n}\n<\/style>\n<a href='\/de\/inventur\/inventar\/'  class='avia-button av-av_button-e65d937ddedc13367765cb5ba762977d av-link-btn avia-icon_select-yes-right-icon avia-size-small avia-position-center'   aria-label=\"Weiter\"><span class='avia_iconbox_title' >Weiter<\/span><span class='avia_button_icon avia_button_icon_right avia-iconfont avia-font-entypo-fontello' data-av_icon='\ue87d' data-av_iconfont='entypo-fontello' ><\/span><\/a><\/div><\/p><\/div>\n\n<style type=\"text\/css\" data-created_by=\"avia_inline_auto\" id=\"style-css-av-av_one_third-b7eb44afaddb1180658d35d71928ddda\">\n.flex_column.av-av_one_third-b7eb44afaddb1180658d35d71928ddda{\nborder-radius:0px 0px 0px 0px;\npadding:15px 15px 15px 15px;\nbackground-color:#3e6b93;\n}\n<\/style>\n<div  class='flex_column av-av_one_third-b7eb44afaddb1180658d35d71928ddda av_one_third  avia-builder-el-10  el_after_av_one_third  avia-builder-el-last  flex_column_div  column-top-margin'     ><p>\n<style type=\"text\/css\" data-created_by=\"avia_inline_auto\" id=\"style-css-av-av_image-3362fce70def9d49a81b78f235adedc8\">\n.avia-image-container.av-av_image-3362fce70def9d49a81b78f235adedc8 img.avia_image{\nbox-shadow:none;\n}\n.avia-image-container.av-av_image-3362fce70def9d49a81b78f235adedc8 .av-image-caption-overlay-center{\ncolor:#ffffff;\n}\n<\/style>\n<div  class='avia-image-container av-av_image-3362fce70def9d49a81b78f235adedc8 av-styling- avia-align-center  avia-builder-el-11  el_before_av_textblock  avia-builder-el-first '   itemprop=\"image\" itemscope=\"itemscope\" itemtype=\"https:\/\/schema.org\/ImageObject\" ><div class=\"avia-image-container-inner\"><div class=\"avia-image-overlay-wrap\"><img decoding=\"async\" fetchpriority=\"high\" class='wp-image-91 avia-img-lazy-loading-not-91 avia_image ' src=\"https:\/\/dwsinventory.hu\/wp-content\/uploads\/2017\/06\/leltarozas_3_leltarvezetes-80x80.png\" alt='Lelt\u00e1rellen\u0151rz\u00e9s' title='leltarozas_3_leltarvezetes-80x80'  height=\"80\" width=\"80\"  itemprop=\"thumbnailUrl\" srcset=\"https:\/\/dwsinventory.hu\/wp-content\/uploads\/2017\/06\/leltarozas_3_leltarvezetes-80x80.png 80w, https:\/\/dwsinventory.hu\/wp-content\/uploads\/2017\/06\/leltarozas_3_leltarvezetes-80x80-36x36.png 36w\" sizes=\"(max-width: 80px) 100vw, 80px\" \/><\/div><\/div><\/div><br \/>\n\n<style type=\"text\/css\" data-created_by=\"avia_inline_auto\" id=\"style-css-av-av_textblock-0b24277fcb3157fd54563c4417ea17f7\">\n#top .av_textblock_section.av-av_textblock-0b24277fcb3157fd54563c4417ea17f7 .avia_textblock{\ncolor:#ffffff;\n}\n<\/style>\n<section  class='av_textblock_section av-av_textblock-0b24277fcb3157fd54563c4417ea17f7 '   itemscope=\"itemscope\" itemtype=\"https:\/\/schema.org\/CreativeWork\" ><div class='avia_textblock av_inherit_color'  itemprop=\"text\" ><h1 class=\"service_header_home\" style=\"text-align: center;\">Inventurkontrolle<\/h1>\n<\/div><\/section><br \/>\n<div  class='avia-button-wrap av-av_button-0e1892a0556e86bbbfbb10dd971ef3c1-wrap avia-button-center  avia-builder-el-13  el_after_av_textblock  avia-builder-el-last '>\n<style type=\"text\/css\" data-created_by=\"avia_inline_auto\" id=\"style-css-av-av_button-0e1892a0556e86bbbfbb10dd971ef3c1\">\n#top #wrap_all .avia-button.av-av_button-0e1892a0556e86bbbfbb10dd971ef3c1{\nbackground-color:#ffffff;\nborder-color:#ffffff;\ncolor:#3e6b93;\ntransition:all 0.4s ease-in-out;\n}\n#top #wrap_all .avia-button.av-av_button-0e1892a0556e86bbbfbb10dd971ef3c1 .avia-svg-icon svg:first-child{\nfill:#3e6b93;\nstroke:#3e6b93;\n}\n<\/style>\n<a href='\/de\/inventur\/inventurkontrolle\/'  class='avia-button av-av_button-0e1892a0556e86bbbfbb10dd971ef3c1 av-link-btn avia-icon_select-yes-right-icon avia-size-small avia-position-center'   aria-label=\"Weiter\"><span class='avia_iconbox_title' >Weiter<\/span><span class='avia_button_icon avia_button_icon_right avia-iconfont avia-font-entypo-fontello' data-av_icon='\ue87d' data-av_iconfont='entypo-fontello' ><\/span><\/a><\/div><\/p><\/div>\n","protected":false},"excerpt":{"rendered":"","protected":false},"author":5,"featured_media":0,"parent":0,"menu_order":0,"comment_status":"closed","ping_status":"closed","template":"","meta":{"footnotes":""},"class_list":["post-146","page","type-page","status-publish","hentry"],"yoast_head":"<!-- This site is optimized with the Yoast SEO plugin v26.6 - https:\/\/yoast.com\/wordpress\/plugins\/seo\/ -->\n<title>Zuhause - DWS Inventory<\/title>\n<meta name=\"description\" content=\"Die von uns angebotenen Dienstleistungen stellen sicher, dass unsere Kunden objektive Informationen und zuverl\u00e4ssige Ergebnisse erhalten.\" \/>\n<meta name=\"robots\" content=\"index, follow, max-snippet:-1, max-image-preview:large, max-video-preview:-1\" \/>\n<link rel=\"canonical\" href=\"https:\/\/dwsinventory.hu\/\" \/>\n<meta property=\"og:locale\" content=\"de_DE\" \/>\n<meta property=\"og:type\" content=\"article\" \/>\n<meta property=\"og:title\" content=\"Zuhause - DWS Inventory\" \/>\n<meta property=\"og:description\" content=\"Die von uns angebotenen Dienstleistungen stellen sicher, dass unsere Kunden objektive Informationen und zuverl\u00e4ssige Ergebnisse erhalten.\" \/>\n<meta property=\"og:url\" content=\"https:\/\/dwsinventory.hu\/\" \/>\n<meta property=\"og:site_name\" content=\"DWS Inventory\" \/>\n<meta property=\"article:modified_time\" content=\"2021-04-09T14:32:03+00:00\" \/>\n<meta name=\"twitter:card\" content=\"summary_large_image\" \/>\n<meta name=\"twitter:label1\" content=\"Gesch\u00e4tzte Lesezeit\" \/>\n\t<meta name=\"twitter:data1\" content=\"3\u00a0Minuten\" \/>\n<script type=\"application\/ld+json\" class=\"yoast-schema-graph\">{\"@context\":\"https:\/\/schema.org\",\"@graph\":[{\"@type\":\"WebPage\",\"@id\":\"https:\/\/dwsinventory.hu\/\",\"url\":\"https:\/\/dwsinventory.hu\/\",\"name\":\"Zuhause - DWS Inventory\",\"isPartOf\":{\"@id\":\"https:\/\/dwsinventory.hu\/#website\"},\"datePublished\":\"2017-08-17T07:29:29+00:00\",\"dateModified\":\"2021-04-09T14:32:03+00:00\",\"description\":\"Die von uns angebotenen Dienstleistungen stellen sicher, dass unsere Kunden objektive Informationen und zuverl\u00e4ssige Ergebnisse erhalten.\",\"breadcrumb\":{\"@id\":\"https:\/\/dwsinventory.hu\/#breadcrumb\"},\"inLanguage\":\"de\",\"potentialAction\":[{\"@type\":\"ReadAction\",\"target\":[\"https:\/\/dwsinventory.hu\/\"]}]},{\"@type\":\"BreadcrumbList\",\"@id\":\"https:\/\/dwsinventory.hu\/#breadcrumb\",\"itemListElement\":[{\"@type\":\"ListItem\",\"position\":1,\"name\":\"Home\",\"item\":\"https:\/\/dwsinventory.hu\/\"},{\"@type\":\"ListItem\",\"position\":2,\"name\":\"Zuhause\"}]},{\"@type\":\"WebSite\",\"@id\":\"https:\/\/dwsinventory.hu\/#website\",\"url\":\"https:\/\/dwsinventory.hu\/\",\"name\":\"DWS Inventory\",\"description\":\"Inventur, Inventurkontrolle\",\"potentialAction\":[{\"@type\":\"SearchAction\",\"target\":{\"@type\":\"EntryPoint\",\"urlTemplate\":\"https:\/\/dwsinventory.hu\/?s={search_term_string}\"},\"query-input\":{\"@type\":\"PropertyValueSpecification\",\"valueRequired\":true,\"valueName\":\"search_term_string\"}}],\"inLanguage\":\"de\"}]}<\/script>\n<!-- \/ Yoast SEO plugin. -->","yoast_head_json":{"title":"Zuhause - DWS Inventory","description":"Die von uns angebotenen Dienstleistungen stellen sicher, dass unsere Kunden objektive Informationen und zuverl\u00e4ssige Ergebnisse erhalten.","robots":{"index":"index","follow":"follow","max-snippet":"max-snippet:-1","max-image-preview":"max-image-preview:large","max-video-preview":"max-video-preview:-1"},"canonical":"https:\/\/dwsinventory.hu\/","og_locale":"de_DE","og_type":"article","og_title":"Zuhause - DWS Inventory","og_description":"Die von uns angebotenen Dienstleistungen stellen sicher, dass unsere Kunden objektive Informationen und zuverl\u00e4ssige Ergebnisse erhalten.","og_url":"https:\/\/dwsinventory.hu\/","og_site_name":"DWS Inventory","article_modified_time":"2021-04-09T14:32:03+00:00","twitter_card":"summary_large_image","twitter_misc":{"Gesch\u00e4tzte Lesezeit":"3\u00a0Minuten"},"schema":{"@context":"https:\/\/schema.org","@graph":[{"@type":"WebPage","@id":"https:\/\/dwsinventory.hu\/","url":"https:\/\/dwsinventory.hu\/","name":"Zuhause - DWS Inventory","isPartOf":{"@id":"https:\/\/dwsinventory.hu\/#website"},"datePublished":"2017-08-17T07:29:29+00:00","dateModified":"2021-04-09T14:32:03+00:00","description":"Die von uns angebotenen Dienstleistungen stellen sicher, dass unsere Kunden objektive Informationen und zuverl\u00e4ssige Ergebnisse erhalten.","breadcrumb":{"@id":"https:\/\/dwsinventory.hu\/#breadcrumb"},"inLanguage":"de","potentialAction":[{"@type":"ReadAction","target":["https:\/\/dwsinventory.hu\/"]}]},{"@type":"BreadcrumbList","@id":"https:\/\/dwsinventory.hu\/#breadcrumb","itemListElement":[{"@type":"ListItem","position":1,"name":"Home","item":"https:\/\/dwsinventory.hu\/"},{"@type":"ListItem","position":2,"name":"Zuhause"}]},{"@type":"WebSite","@id":"https:\/\/dwsinventory.hu\/#website","url":"https:\/\/dwsinventory.hu\/","name":"DWS Inventory","description":"Inventur, Inventurkontrolle","potentialAction":[{"@type":"SearchAction","target":{"@type":"EntryPoint","urlTemplate":"https:\/\/dwsinventory.hu\/?s={search_term_string}"},"query-input":{"@type":"PropertyValueSpecification","valueRequired":true,"valueName":"search_term_string"}}],"inLanguage":"de"}]}},"_links":{"self":[{"href":"https:\/\/dwsinventory.hu\/de\/wp-json\/wp\/v2\/pages\/146","targetHints":{"allow":["GET"]}}],"collection":[{"href":"https:\/\/dwsinventory.hu\/de\/wp-json\/wp\/v2\/pages"}],"about":[{"href":"https:\/\/dwsinventory.hu\/de\/wp-json\/wp\/v2\/types\/page"}],"author":[{"embeddable":true,"href":"https:\/\/dwsinventory.hu\/de\/wp-json\/wp\/v2\/users\/5"}],"replies":[{"embeddable":true,"href":"https:\/\/dwsinventory.hu\/de\/wp-json\/wp\/v2\/comments?post=146"}],"version-history":[{"count":6,"href":"https:\/\/dwsinventory.hu\/de\/wp-json\/wp\/v2\/pages\/146\/revisions"}],"predecessor-version":[{"id":853,"href":"https:\/\/dwsinventory.hu\/de\/wp-json\/wp\/v2\/pages\/146\/revisions\/853"}],"wp:attachment":[{"href":"https:\/\/dwsinventory.hu\/de\/wp-json\/wp\/v2\/media?parent=146"}],"curies":[{"name":"wp","href":"https:\/\/api.w.org\/{rel}","templated":true}]}}