{"id":142,"date":"2017-08-17T07:22:19","date_gmt":"2017-08-17T07:22:19","guid":{"rendered":"http:\/\/dwsinventory.hu\/?page_id=142\/"},"modified":"2021-04-09T13:23:51","modified_gmt":"2021-04-09T13:23:51","slug":"inventar","status":"publish","type":"page","link":"https:\/\/dwsinventory.hu\/de\/inventur\/inventar\/","title":{"rendered":"Inventar"},"content":{"rendered":"<div style=\"text-align: justify;\">\n<h2>Hyper- und Supermarket<\/h2>\n<p>Die Inventur in einem Hyper- oder Supermarket bedeutet eine gro\u00dfe Herausforderung f\u00fcr den externen Dienstleister: in einem kurzen Zeitfenster sollen mehrere hunderttausend Artikel gez\u00e4hlt und festgehalten werden. Die L\u00f6sung dieser Aufgabe erfordert hohes Humankapital- und Zeitbedarf bei angemessenem Aufwand.<\/p>\n<p>\u00dcblicherweise verf\u00fcgen diese Verkaufseinheiten nicht \u00fcber gen\u00fcgend Personal, um die verpflichtenden Inventuren durchzuf\u00fchren. Im Falle, dass diese Aufgabe vom externen Dienstleister \u00fcbernommen wird, braucht das Unternehmen kein eigenes Inventurmanagement und Personal und kann sich auf ihre Kunden konzentrieren. Die Durchf\u00fchrung der Inventur verursacht so keinen Umsatzausfall. Wir verf\u00fcgen \u00fcber spezialisiertes Personal und k\u00f6nnen so die Inventur in gro\u00dfen Einheiten in kurzer Zeit erledigen.<\/p>\n<h2>Heimwerkermarkt \u2013 Do it Yourself<\/h2>\n<p>In diesem Segment haben wir die gr\u00f6\u00dfte Erfahrung und Wissen, da wir seit Jahren wir in enger Zusammenarbeit f\u00fcr Kunden in diesem Bereich arbeiten.<\/p>\n<p>Die Spezialit\u00e4t dieses Bereiches ist, dass viele Produkte nicht nach Anzahl sondern nach L\u00e4nge, Fl\u00e4che oder Gewicht festgehalten werden sollen.<\/p>\n<h2>Textil und Sportartikel<\/h2>\n<p>Unsere Gesellschaft ist stolz auf die Aufgaben, die wir dank unserer speziellen Erfassungsmethode von vielen Firmen erhalten haben.<\/p>\n<p>Die Produkte sind sehr vielf\u00e4ltig: in den meisten F\u00e4llen ist nach Farbe, Serie, Gr\u00f6\u00dfe und Modell zu unterscheiden. Die Produkte sind einzeln zu erfassen, nach der sogenannten \u201eone step single method\u201c, um die Genauigkeit der Inventur mit dem Bestand zu sichern. Unsere Partner haben uns ihre 1005-ige Zufriedenheit mehrmals best\u00e4tigt.<\/p>\n<h2>Parf\u00fcmerie und Drogerie<\/h2>\n<p>Wegen der Vielfalt der Produkte verdient dieses Segment besondere Aufmerksamkeit. Die pr\u00e4zise und umsichtige Inventuraufnahme ist besonders wichtig, da einerseits die Produkte in vielen F\u00e4llen hohe Werte repr\u00e4sentieren und andererseits schwer unterscheidbar sind. Daher verwenden wir bei Inventuren in diesem Bereich eine gemischte Inventuraufnahme<\/p>\n<h2>Inneneinrichtung<\/h2>\n<p>Die Produkte in diesem Segment sind sehr vielf\u00e4ltig: vom einfachen Kunstoffbecher bis zu K\u00fcchenmaschinen. Daraus folgend sind die Best\u00e4nde sehr unterschiedlich. Dazu kommt, dass die elektronischen Ger\u00e4te mit mehreren Identifikationsauszeichnungen versehen sind. Um diese richtig zu erfassen, m\u00fcssen wir mit besonderer Sorgfalt vorgehen. Daher ist die Auswahl des richtigen Mitarbeiterstabes von besonderer Wichtigkeit. Wir haben durch unsere langj\u00e4hrige T\u00e4tigkeit die Erfahrung erworben, die uns erm\u00f6glicht, solche Inventuren kosteneffektiv, mit geringem Personalaufwand zu leisten.<\/p>\n<h2>Frisch- und K\u00fchl- und Tiefk\u00fchlwaren<\/h2>\n<p>Diese Produkte verlangen eine spezielle Behandlung wegen Ihres Zustandes. Des weiteren, ist die Inventur f\u00fcr manche Produkte in St\u00fcckzahl bei anderen Produkten nach Gewicht zu erstellen.<\/p>\n<p>W\u00e4hrend der Inventur stellen wir Arbeitsgruppen zusammen die trotz eines gewissen Zeitverlustes durch die Abk\u00fcrzung der Erfassung im K\u00fchl- und Tiefk\u00fchlbereich das Resultat genau, sicher und mit kuerzestm\u00f6glicher Unterbrechung der K\u00fchlkette liefern.<\/p>\n<h2>Inventur bei Firmen\u00fcbernahmen<\/h2>\n<p>Im Falle einer Akquisition, ist es besonders wichtig zu wissen, welcher Warenbestand gekauft oder \u00fcbernommen wird. So wird die Festlegung des gesamten Warenwertes wesentlich schneller und genauer erfolgen k\u00f6nnen, als dies mit anderen L\u00f6sungen zu erreichen ist. Wir stehen mit einer erfahrenen und erprobten Mannschaft zur Verf\u00fcgung. <a href=\"http:\/\/dwshungary.hu\" target=\"_blank\" rel=\"noopener noreferrer\">Anlageverm\u00f6gen Inventur<\/a><\/p>\n<h2>\u00dcbergabe \u2013 \u00dcbernahme Inventur<\/h2>\n<p>Die Inventur von Warenbestand im Falle einer Firmen\u00fcbernahme verdient besondere Aufmerksamkeit, da in vielen F\u00e4llen die \u00dcbernahmezielgesellschaft ihre Schulden mit dem Warenbestand deckt. Auf Wunsch werden wir die Daten f\u00fcr beide Partner nach Kontrolle durch einen Wirtschaftspr\u00fcfer \u00fcbergeben.<\/p>\n<\/div>\n","protected":false},"excerpt":{"rendered":"<p>Hyper- und Supermarket Die Inventur in einem Hyper- oder Supermarket bedeutet eine gro\u00dfe Herausforderung f\u00fcr den externen Dienstleister: in einem kurzen Zeitfenster sollen mehrere hunderttausend Artikel gez\u00e4hlt und festgehalten werden. Die L\u00f6sung dieser Aufgabe erfordert hohes Humankapital- und Zeitbedarf bei angemessenem Aufwand. \u00dcblicherweise verf\u00fcgen diese Verkaufseinheiten nicht \u00fcber gen\u00fcgend Personal, um die verpflichtenden Inventuren durchzuf\u00fchren. [&hellip;]<\/p>\n","protected":false},"author":5,"featured_media":0,"parent":144,"menu_order":0,"comment_status":"closed","ping_status":"closed","template":"","meta":{"footnotes":""},"class_list":["post-142","page","type-page","status-publish","hentry"],"yoast_head":"<!-- This site is optimized with the Yoast SEO plugin v26.6 - https:\/\/yoast.com\/wordpress\/plugins\/seo\/ -->\n<title>Inventar - DWS Inventory<\/title>\n<meta name=\"description\" content=\"Die L\u00f6sung dieser Aufgabe erfordert hohes Humankapital- und Zeitbedarf bei angemessenem Aufwand.\" \/>\n<meta name=\"robots\" content=\"index, follow, max-snippet:-1, max-image-preview:large, max-video-preview:-1\" \/>\n<link rel=\"canonical\" href=\"https:\/\/dwsinventory.hu\/leltarozas\/keszletleltar\/\" \/>\n<meta property=\"og:locale\" content=\"de_DE\" \/>\n<meta property=\"og:type\" content=\"article\" \/>\n<meta property=\"og:title\" content=\"Inventar - DWS Inventory\" \/>\n<meta property=\"og:description\" content=\"Die L\u00f6sung dieser Aufgabe erfordert hohes Humankapital- und Zeitbedarf bei angemessenem Aufwand.\" \/>\n<meta property=\"og:url\" content=\"https:\/\/dwsinventory.hu\/leltarozas\/keszletleltar\/\" \/>\n<meta property=\"og:site_name\" content=\"DWS Inventory\" \/>\n<meta property=\"article:modified_time\" content=\"2021-04-09T13:23:51+00:00\" \/>\n<meta name=\"twitter:card\" content=\"summary_large_image\" \/>\n<meta name=\"twitter:label1\" content=\"Gesch\u00e4tzte Lesezeit\" \/>\n\t<meta name=\"twitter:data1\" content=\"3\u00a0Minuten\" \/>\n<script type=\"application\/ld+json\" class=\"yoast-schema-graph\">{\"@context\":\"https:\/\/schema.org\",\"@graph\":[{\"@type\":\"WebPage\",\"@id\":\"https:\/\/dwsinventory.hu\/leltarozas\/keszletleltar\/\",\"url\":\"https:\/\/dwsinventory.hu\/leltarozas\/keszletleltar\/\",\"name\":\"Inventar - DWS Inventory\",\"isPartOf\":{\"@id\":\"https:\/\/dwsinventory.hu\/#website\"},\"datePublished\":\"2017-08-17T07:22:19+00:00\",\"dateModified\":\"2021-04-09T13:23:51+00:00\",\"description\":\"Die L\u00f6sung dieser Aufgabe erfordert hohes Humankapital- und Zeitbedarf bei angemessenem Aufwand.\",\"breadcrumb\":{\"@id\":\"https:\/\/dwsinventory.hu\/leltarozas\/keszletleltar\/#breadcrumb\"},\"inLanguage\":\"de\",\"potentialAction\":[{\"@type\":\"ReadAction\",\"target\":[\"https:\/\/dwsinventory.hu\/leltarozas\/keszletleltar\/\"]}]},{\"@type\":\"BreadcrumbList\",\"@id\":\"https:\/\/dwsinventory.hu\/leltarozas\/keszletleltar\/#breadcrumb\",\"itemListElement\":[{\"@type\":\"ListItem\",\"position\":1,\"name\":\"Home\",\"item\":\"https:\/\/dwsinventory.hu\/\"},{\"@type\":\"ListItem\",\"position\":2,\"name\":\"Inventur\",\"item\":\"https:\/\/dwsinventory.hu\/leltarozas\/\"},{\"@type\":\"ListItem\",\"position\":3,\"name\":\"Inventar\"}]},{\"@type\":\"WebSite\",\"@id\":\"https:\/\/dwsinventory.hu\/#website\",\"url\":\"https:\/\/dwsinventory.hu\/\",\"name\":\"DWS Inventory\",\"description\":\"Inventur, Inventurkontrolle\",\"potentialAction\":[{\"@type\":\"SearchAction\",\"target\":{\"@type\":\"EntryPoint\",\"urlTemplate\":\"https:\/\/dwsinventory.hu\/?s={search_term_string}\"},\"query-input\":{\"@type\":\"PropertyValueSpecification\",\"valueRequired\":true,\"valueName\":\"search_term_string\"}}],\"inLanguage\":\"de\"}]}<\/script>\n<!-- \/ Yoast SEO plugin. -->","yoast_head_json":{"title":"Inventar - DWS Inventory","description":"Die L\u00f6sung dieser Aufgabe erfordert hohes Humankapital- und Zeitbedarf bei angemessenem Aufwand.","robots":{"index":"index","follow":"follow","max-snippet":"max-snippet:-1","max-image-preview":"max-image-preview:large","max-video-preview":"max-video-preview:-1"},"canonical":"https:\/\/dwsinventory.hu\/leltarozas\/keszletleltar\/","og_locale":"de_DE","og_type":"article","og_title":"Inventar - DWS Inventory","og_description":"Die L\u00f6sung dieser Aufgabe erfordert hohes Humankapital- und Zeitbedarf bei angemessenem Aufwand.","og_url":"https:\/\/dwsinventory.hu\/leltarozas\/keszletleltar\/","og_site_name":"DWS Inventory","article_modified_time":"2021-04-09T13:23:51+00:00","twitter_card":"summary_large_image","twitter_misc":{"Gesch\u00e4tzte Lesezeit":"3\u00a0Minuten"},"schema":{"@context":"https:\/\/schema.org","@graph":[{"@type":"WebPage","@id":"https:\/\/dwsinventory.hu\/leltarozas\/keszletleltar\/","url":"https:\/\/dwsinventory.hu\/leltarozas\/keszletleltar\/","name":"Inventar - DWS Inventory","isPartOf":{"@id":"https:\/\/dwsinventory.hu\/#website"},"datePublished":"2017-08-17T07:22:19+00:00","dateModified":"2021-04-09T13:23:51+00:00","description":"Die L\u00f6sung dieser Aufgabe erfordert hohes Humankapital- und Zeitbedarf bei angemessenem Aufwand.","breadcrumb":{"@id":"https:\/\/dwsinventory.hu\/leltarozas\/keszletleltar\/#breadcrumb"},"inLanguage":"de","potentialAction":[{"@type":"ReadAction","target":["https:\/\/dwsinventory.hu\/leltarozas\/keszletleltar\/"]}]},{"@type":"BreadcrumbList","@id":"https:\/\/dwsinventory.hu\/leltarozas\/keszletleltar\/#breadcrumb","itemListElement":[{"@type":"ListItem","position":1,"name":"Home","item":"https:\/\/dwsinventory.hu\/"},{"@type":"ListItem","position":2,"name":"Inventur","item":"https:\/\/dwsinventory.hu\/leltarozas\/"},{"@type":"ListItem","position":3,"name":"Inventar"}]},{"@type":"WebSite","@id":"https:\/\/dwsinventory.hu\/#website","url":"https:\/\/dwsinventory.hu\/","name":"DWS Inventory","description":"Inventur, Inventurkontrolle","potentialAction":[{"@type":"SearchAction","target":{"@type":"EntryPoint","urlTemplate":"https:\/\/dwsinventory.hu\/?s={search_term_string}"},"query-input":{"@type":"PropertyValueSpecification","valueRequired":true,"valueName":"search_term_string"}}],"inLanguage":"de"}]}},"_links":{"self":[{"href":"https:\/\/dwsinventory.hu\/de\/wp-json\/wp\/v2\/pages\/142","targetHints":{"allow":["GET"]}}],"collection":[{"href":"https:\/\/dwsinventory.hu\/de\/wp-json\/wp\/v2\/pages"}],"about":[{"href":"https:\/\/dwsinventory.hu\/de\/wp-json\/wp\/v2\/types\/page"}],"author":[{"embeddable":true,"href":"https:\/\/dwsinventory.hu\/de\/wp-json\/wp\/v2\/users\/5"}],"replies":[{"embeddable":true,"href":"https:\/\/dwsinventory.hu\/de\/wp-json\/wp\/v2\/comments?post=142"}],"version-history":[{"count":5,"href":"https:\/\/dwsinventory.hu\/de\/wp-json\/wp\/v2\/pages\/142\/revisions"}],"predecessor-version":[{"id":847,"href":"https:\/\/dwsinventory.hu\/de\/wp-json\/wp\/v2\/pages\/142\/revisions\/847"}],"up":[{"embeddable":true,"href":"https:\/\/dwsinventory.hu\/de\/wp-json\/wp\/v2\/pages\/144"}],"wp:attachment":[{"href":"https:\/\/dwsinventory.hu\/de\/wp-json\/wp\/v2\/media?parent=142"}],"curies":[{"name":"wp","href":"https:\/\/api.w.org\/{rel}","templated":true}]}}