{"id":140,"date":"2017-08-17T07:16:57","date_gmt":"2017-08-17T07:16:57","guid":{"rendered":"http:\/\/dwsinventory.hu\/?page_id=140\/"},"modified":"2021-04-09T14:27:10","modified_gmt":"2021-04-09T14:27:10","slug":"sachanlageninventur","status":"publish","type":"page","link":"https:\/\/dwsinventory.hu\/de\/inventur\/sachanlageninventur\/","title":{"rendered":"Sachanlageninventur"},"content":{"rendered":"\n<style type=\"text\/css\" data-created_by=\"avia_inline_auto\" id=\"style-css-av-av_one_full-6126cab7d8fab8d08143dd2dacdf673c\">\n.flex_column.av-av_one_full-6126cab7d8fab8d08143dd2dacdf673c{\nborder-radius:0px 0px 0px 0px;\npadding:0px 0px 0px 0px;\n}\n<\/style>\n<div  class='flex_column av-av_one_full-6126cab7d8fab8d08143dd2dacdf673c av_one_full  avia-builder-el-0  avia-builder-el-no-sibling  first flex_column_div av-zero-column-padding  '     ><section  class='av_textblock_section av-av_textblock-396ddf1f42196ca838231e61a4602801 '   itemscope=\"itemscope\" itemtype=\"https:\/\/schema.org\/CreativeWork\" ><div class='avia_textblock'  itemprop=\"text\" ><h2><em><strong>Sachanlageninventur<\/strong><\/em><\/h2>\n<div style=\"text-align: justify;\">\n<p>Die umsichtige Behandlung der Sachanlagen ist eine der Grundlagen f\u00fcr die Vermeidung der \u00fcberfl\u00fcssigen Investitionen und der Investitionsplanung. Andererseits, die genaue \u00dcbersicht der Sachanlagen beeinflusst die Wertsch\u00f6pfung des Unternehmens. Eine oberfl\u00e4chliche, ungenaue Evidenz bedeutet ein gro\u00dfes Risiko sowohl hinsichtlich des Rechnungswesens als auch der Kontinuit\u00e4t des Betriebes.<\/p>\n<p>Die Basis der Sachanlagen-Inventur ist die Implementierung eines einheitlichen Identifikationssystems in Form eines Strichkode-Systems, zum Beispiel.<\/p>\n<p>Die Sachanlagen-Inventur erfolgt in enger Zusammenarbeit mit dem Auftraggeber. Nach einer Vorerhebung erstellen wir die effizienteste Inventurmethodik und anschlie\u00dfend einen Projektplan.<\/p>\n<p>Der Vor-Ort Ausdruck der Inventurtickets und die gleichzeitige Gegenzeichnung sichert die Validit\u00e4t des Inventars. W\u00e4hrend des Prozesses werden die \u00dcbersch\u00fcsse und Fehlpositionen zusammengef\u00fchrt und in einer Auswertung f\u00fcr den Kunden erfasst.<\/p>\n<\/div>\n<\/div><\/section><br \/>\n<div  class='avia-button-wrap av-av_button-c6f910f412d81e92bdea4b5b7112755c-wrap avia-button-center  avia-builder-el-2  el_after_av_textblock  avia-builder-el-last '><a href='https:\/\/dwshungary.hu\/leltar\/targyi-eszkoz-leltar\/'  class='avia-button av-av_button-c6f910f412d81e92bdea4b5b7112755c av-link-btn avia-icon_select-no avia-size-large avia-position-center avia-color-theme-color'   aria-label=\"Weiter\"><span class='avia_iconbox_title' >Weiter<\/span><\/a><\/div><\/p><\/div>\n","protected":false},"excerpt":{"rendered":"","protected":false},"author":5,"featured_media":0,"parent":144,"menu_order":0,"comment_status":"closed","ping_status":"closed","template":"","meta":{"footnotes":""},"class_list":["post-140","page","type-page","status-publish","hentry"],"yoast_head":"<!-- This site is optimized with the Yoast SEO plugin v26.6 - https:\/\/yoast.com\/wordpress\/plugins\/seo\/ -->\n<title>Sachanlageninventur - DWS Inventory<\/title>\n<meta name=\"description\" content=\"Die umsichtige Behandlung der Sachanlagen ist eine der Grundlagen f\u00fcr die Vermeidung der \u00fcberfl\u00fcssigen Investitionen und der Investitionsplanung.\" \/>\n<meta name=\"robots\" content=\"index, follow, max-snippet:-1, max-image-preview:large, max-video-preview:-1\" \/>\n<link rel=\"canonical\" href=\"https:\/\/dwsinventory.hu\/leltarozas\/targyi-eszkoz-leltar\/\" \/>\n<meta property=\"og:locale\" content=\"de_DE\" \/>\n<meta property=\"og:type\" content=\"article\" \/>\n<meta property=\"og:title\" content=\"Sachanlageninventur - DWS Inventory\" \/>\n<meta property=\"og:description\" content=\"Die umsichtige Behandlung der Sachanlagen ist eine der Grundlagen f\u00fcr die Vermeidung der \u00fcberfl\u00fcssigen Investitionen und der Investitionsplanung.\" \/>\n<meta property=\"og:url\" content=\"https:\/\/dwsinventory.hu\/leltarozas\/targyi-eszkoz-leltar\/\" \/>\n<meta property=\"og:site_name\" content=\"DWS Inventory\" \/>\n<meta property=\"article:modified_time\" content=\"2021-04-09T14:27:10+00:00\" \/>\n<meta name=\"twitter:card\" content=\"summary_large_image\" \/>\n<meta name=\"twitter:label1\" content=\"Gesch\u00e4tzte Lesezeit\" \/>\n\t<meta name=\"twitter:data1\" content=\"1\u00a0Minute\" \/>\n<script type=\"application\/ld+json\" class=\"yoast-schema-graph\">{\"@context\":\"https:\/\/schema.org\",\"@graph\":[{\"@type\":\"WebPage\",\"@id\":\"https:\/\/dwsinventory.hu\/leltarozas\/targyi-eszkoz-leltar\/\",\"url\":\"https:\/\/dwsinventory.hu\/leltarozas\/targyi-eszkoz-leltar\/\",\"name\":\"Sachanlageninventur - DWS Inventory\",\"isPartOf\":{\"@id\":\"https:\/\/dwsinventory.hu\/#website\"},\"datePublished\":\"2017-08-17T07:16:57+00:00\",\"dateModified\":\"2021-04-09T14:27:10+00:00\",\"description\":\"Die umsichtige Behandlung der Sachanlagen ist eine der Grundlagen f\u00fcr die Vermeidung der \u00fcberfl\u00fcssigen Investitionen und der Investitionsplanung.\",\"breadcrumb\":{\"@id\":\"https:\/\/dwsinventory.hu\/leltarozas\/targyi-eszkoz-leltar\/#breadcrumb\"},\"inLanguage\":\"de\",\"potentialAction\":[{\"@type\":\"ReadAction\",\"target\":[\"https:\/\/dwsinventory.hu\/leltarozas\/targyi-eszkoz-leltar\/\"]}]},{\"@type\":\"BreadcrumbList\",\"@id\":\"https:\/\/dwsinventory.hu\/leltarozas\/targyi-eszkoz-leltar\/#breadcrumb\",\"itemListElement\":[{\"@type\":\"ListItem\",\"position\":1,\"name\":\"Home\",\"item\":\"https:\/\/dwsinventory.hu\/\"},{\"@type\":\"ListItem\",\"position\":2,\"name\":\"Inventur\",\"item\":\"https:\/\/dwsinventory.hu\/leltarozas\/\"},{\"@type\":\"ListItem\",\"position\":3,\"name\":\"Sachanlageninventur\"}]},{\"@type\":\"WebSite\",\"@id\":\"https:\/\/dwsinventory.hu\/#website\",\"url\":\"https:\/\/dwsinventory.hu\/\",\"name\":\"DWS Inventory\",\"description\":\"Inventur, Inventurkontrolle\",\"potentialAction\":[{\"@type\":\"SearchAction\",\"target\":{\"@type\":\"EntryPoint\",\"urlTemplate\":\"https:\/\/dwsinventory.hu\/?s={search_term_string}\"},\"query-input\":{\"@type\":\"PropertyValueSpecification\",\"valueRequired\":true,\"valueName\":\"search_term_string\"}}],\"inLanguage\":\"de\"}]}<\/script>\n<!-- \/ Yoast SEO plugin. -->","yoast_head_json":{"title":"Sachanlageninventur - DWS Inventory","description":"Die umsichtige Behandlung der Sachanlagen ist eine der Grundlagen f\u00fcr die Vermeidung der \u00fcberfl\u00fcssigen Investitionen und der Investitionsplanung.","robots":{"index":"index","follow":"follow","max-snippet":"max-snippet:-1","max-image-preview":"max-image-preview:large","max-video-preview":"max-video-preview:-1"},"canonical":"https:\/\/dwsinventory.hu\/leltarozas\/targyi-eszkoz-leltar\/","og_locale":"de_DE","og_type":"article","og_title":"Sachanlageninventur - DWS Inventory","og_description":"Die umsichtige Behandlung der Sachanlagen ist eine der Grundlagen f\u00fcr die Vermeidung der \u00fcberfl\u00fcssigen Investitionen und der Investitionsplanung.","og_url":"https:\/\/dwsinventory.hu\/leltarozas\/targyi-eszkoz-leltar\/","og_site_name":"DWS Inventory","article_modified_time":"2021-04-09T14:27:10+00:00","twitter_card":"summary_large_image","twitter_misc":{"Gesch\u00e4tzte Lesezeit":"1\u00a0Minute"},"schema":{"@context":"https:\/\/schema.org","@graph":[{"@type":"WebPage","@id":"https:\/\/dwsinventory.hu\/leltarozas\/targyi-eszkoz-leltar\/","url":"https:\/\/dwsinventory.hu\/leltarozas\/targyi-eszkoz-leltar\/","name":"Sachanlageninventur - DWS Inventory","isPartOf":{"@id":"https:\/\/dwsinventory.hu\/#website"},"datePublished":"2017-08-17T07:16:57+00:00","dateModified":"2021-04-09T14:27:10+00:00","description":"Die umsichtige Behandlung der Sachanlagen ist eine der Grundlagen f\u00fcr die Vermeidung der \u00fcberfl\u00fcssigen Investitionen und der Investitionsplanung.","breadcrumb":{"@id":"https:\/\/dwsinventory.hu\/leltarozas\/targyi-eszkoz-leltar\/#breadcrumb"},"inLanguage":"de","potentialAction":[{"@type":"ReadAction","target":["https:\/\/dwsinventory.hu\/leltarozas\/targyi-eszkoz-leltar\/"]}]},{"@type":"BreadcrumbList","@id":"https:\/\/dwsinventory.hu\/leltarozas\/targyi-eszkoz-leltar\/#breadcrumb","itemListElement":[{"@type":"ListItem","position":1,"name":"Home","item":"https:\/\/dwsinventory.hu\/"},{"@type":"ListItem","position":2,"name":"Inventur","item":"https:\/\/dwsinventory.hu\/leltarozas\/"},{"@type":"ListItem","position":3,"name":"Sachanlageninventur"}]},{"@type":"WebSite","@id":"https:\/\/dwsinventory.hu\/#website","url":"https:\/\/dwsinventory.hu\/","name":"DWS Inventory","description":"Inventur, Inventurkontrolle","potentialAction":[{"@type":"SearchAction","target":{"@type":"EntryPoint","urlTemplate":"https:\/\/dwsinventory.hu\/?s={search_term_string}"},"query-input":{"@type":"PropertyValueSpecification","valueRequired":true,"valueName":"search_term_string"}}],"inLanguage":"de"}]}},"_links":{"self":[{"href":"https:\/\/dwsinventory.hu\/de\/wp-json\/wp\/v2\/pages\/140","targetHints":{"allow":["GET"]}}],"collection":[{"href":"https:\/\/dwsinventory.hu\/de\/wp-json\/wp\/v2\/pages"}],"about":[{"href":"https:\/\/dwsinventory.hu\/de\/wp-json\/wp\/v2\/types\/page"}],"author":[{"embeddable":true,"href":"https:\/\/dwsinventory.hu\/de\/wp-json\/wp\/v2\/users\/5"}],"replies":[{"embeddable":true,"href":"https:\/\/dwsinventory.hu\/de\/wp-json\/wp\/v2\/comments?post=140"}],"version-history":[{"count":2,"href":"https:\/\/dwsinventory.hu\/de\/wp-json\/wp\/v2\/pages\/140\/revisions"}],"predecessor-version":[{"id":850,"href":"https:\/\/dwsinventory.hu\/de\/wp-json\/wp\/v2\/pages\/140\/revisions\/850"}],"up":[{"embeddable":true,"href":"https:\/\/dwsinventory.hu\/de\/wp-json\/wp\/v2\/pages\/144"}],"wp:attachment":[{"href":"https:\/\/dwsinventory.hu\/de\/wp-json\/wp\/v2\/media?parent=140"}],"curies":[{"name":"wp","href":"https:\/\/api.w.org\/{rel}","templated":true}]}}