{"id":138,"date":"2017-08-17T07:12:19","date_gmt":"2017-08-17T07:12:19","guid":{"rendered":"http:\/\/dwsinventory.hu\/?page_id=138\/"},"modified":"2021-04-09T14:30:37","modified_gmt":"2021-04-09T14:30:37","slug":"wir-sind","status":"publish","type":"page","link":"https:\/\/dwsinventory.hu\/de\/wir-sind\/","title":{"rendered":"Wir sind"},"content":{"rendered":"<div style=\"text-align: justify;\">\n<h2><strong>Wir sind<\/strong><\/h2>\n<p>DWS Inventory GmbH ist eine Tochtergesellschaft der 2005 gegr\u00fcndeten Discount Warehouse Systems Hungary GmbH.<\/p>\n<p>Die Gesellschaft konzentriert sich auf Inventuren f\u00fcr Handelsunternehmen in Ungarn. Sie wurde aus der Muttergesellschaft 2017 ausgel\u00f6st: sie \u00fcbernahm das Knowhow, die Software und die f\u00fcr Inventur n\u00f6tigen Sachanlagen. Unser Ziel ist es, durch kontinuierliche Verbesserung der Prozessabl\u00e4ufe eine Qualit\u00e4tssteigerung zu erzielen sowie die modernsten technischen L\u00f6sungen f\u00fcr unsere Kunden zu finden.<\/p>\n<p>Unsere Prozesse sind Jahr f\u00fcr Jahr weiterentwickelt, optimalisiert. Der Up-to-date Informatik-Hintergrund sowie die firmeneigene countIT Software erm\u00f6glichen es, Daten und Informationen \u00fcber jedes Element und jeden Teilprozess des Inventurablaufes in Echtzeit zu liefern. Dank des IT-Hintergrundes k\u00f6nnen wir f\u00fcr unsere Partner spezialisierte, ma\u00dfgeschneiderte L\u00f6sungen erarbeiten.<\/p>\n<p>Unsere zehnj\u00e4hrige Erfahrung in den Bereichen Lebensmittel-, Sportausr\u00fcstung- Drogerie- und Parf\u00fcmeriehandel sowie Heimwerkwarenh\u00e4user, stellt sicher, dass wir den Inventurablauf mit genauer Bestandsaufnahme in vielen Wirtschaftssegmenten liefern k\u00f6nnen.<\/p>\n<p>Unsere T\u00e4tigkeit l\u00e4uft neben dem normalen Kundenbetrieb, durch flexible L\u00f6sungen sichern wir, dass unsere Partner sich auf Ihre Kunden konzentrieren k\u00f6nnen.<\/p>\n<p>Die von uns angebotenen Dienstleistungen stellen sicher, dass unsere Kunden objektive Informationen und zuverl\u00e4ssige Ergebnisse erhalten.<\/p>\n<\/div>\n","protected":false},"excerpt":{"rendered":"<p>Wir sind DWS Inventory GmbH ist eine Tochtergesellschaft der 2005 gegr\u00fcndeten Discount Warehouse Systems Hungary GmbH. Die Gesellschaft konzentriert sich auf Inventuren f\u00fcr Handelsunternehmen in Ungarn. Sie wurde aus der Muttergesellschaft 2017 ausgel\u00f6st: sie \u00fcbernahm das Knowhow, die Software und die f\u00fcr Inventur n\u00f6tigen Sachanlagen. Unser Ziel ist es, durch kontinuierliche Verbesserung der Prozessabl\u00e4ufe eine [&hellip;]<\/p>\n","protected":false},"author":5,"featured_media":0,"parent":0,"menu_order":0,"comment_status":"closed","ping_status":"closed","template":"","meta":{"footnotes":""},"class_list":["post-138","page","type-page","status-publish","hentry"],"yoast_head":"<!-- This site is optimized with the Yoast SEO plugin v26.6 - https:\/\/yoast.com\/wordpress\/plugins\/seo\/ -->\n<title>Wir sind - DWS Inventory<\/title>\n<meta name=\"description\" content=\"DWS Inventory GmbH ist eine Tochtergesellschaft der 2005 gegr\u00fcndeten Discount Warehouse Systems Hungary GmbH.\" \/>\n<meta name=\"robots\" content=\"index, follow, max-snippet:-1, max-image-preview:large, max-video-preview:-1\" \/>\n<link rel=\"canonical\" href=\"https:\/\/dwsinventory.hu\/rolunk\/\" \/>\n<meta property=\"og:locale\" content=\"de_DE\" \/>\n<meta property=\"og:type\" content=\"article\" \/>\n<meta property=\"og:title\" content=\"Wir sind - DWS Inventory\" \/>\n<meta property=\"og:description\" content=\"DWS Inventory GmbH ist eine Tochtergesellschaft der 2005 gegr\u00fcndeten Discount Warehouse Systems Hungary GmbH.\" \/>\n<meta property=\"og:url\" content=\"https:\/\/dwsinventory.hu\/rolunk\/\" \/>\n<meta property=\"og:site_name\" content=\"DWS Inventory\" \/>\n<meta property=\"article:modified_time\" content=\"2021-04-09T14:30:37+00:00\" \/>\n<meta name=\"twitter:card\" content=\"summary_large_image\" \/>\n<meta name=\"twitter:label1\" content=\"Gesch\u00e4tzte Lesezeit\" \/>\n\t<meta name=\"twitter:data1\" content=\"1\u00a0Minute\" \/>\n<script type=\"application\/ld+json\" class=\"yoast-schema-graph\">{\"@context\":\"https:\/\/schema.org\",\"@graph\":[{\"@type\":\"WebPage\",\"@id\":\"https:\/\/dwsinventory.hu\/rolunk\/\",\"url\":\"https:\/\/dwsinventory.hu\/rolunk\/\",\"name\":\"Wir sind - DWS Inventory\",\"isPartOf\":{\"@id\":\"https:\/\/dwsinventory.hu\/#website\"},\"datePublished\":\"2017-08-17T07:12:19+00:00\",\"dateModified\":\"2021-04-09T14:30:37+00:00\",\"description\":\"DWS Inventory GmbH ist eine Tochtergesellschaft der 2005 gegr\u00fcndeten Discount Warehouse Systems Hungary GmbH.\",\"breadcrumb\":{\"@id\":\"https:\/\/dwsinventory.hu\/rolunk\/#breadcrumb\"},\"inLanguage\":\"de\",\"potentialAction\":[{\"@type\":\"ReadAction\",\"target\":[\"https:\/\/dwsinventory.hu\/rolunk\/\"]}]},{\"@type\":\"BreadcrumbList\",\"@id\":\"https:\/\/dwsinventory.hu\/rolunk\/#breadcrumb\",\"itemListElement\":[{\"@type\":\"ListItem\",\"position\":1,\"name\":\"Home\",\"item\":\"https:\/\/dwsinventory.hu\/\"},{\"@type\":\"ListItem\",\"position\":2,\"name\":\"Wir sind\"}]},{\"@type\":\"WebSite\",\"@id\":\"https:\/\/dwsinventory.hu\/#website\",\"url\":\"https:\/\/dwsinventory.hu\/\",\"name\":\"DWS Inventory\",\"description\":\"Inventur, Inventurkontrolle\",\"potentialAction\":[{\"@type\":\"SearchAction\",\"target\":{\"@type\":\"EntryPoint\",\"urlTemplate\":\"https:\/\/dwsinventory.hu\/?s={search_term_string}\"},\"query-input\":{\"@type\":\"PropertyValueSpecification\",\"valueRequired\":true,\"valueName\":\"search_term_string\"}}],\"inLanguage\":\"de\"}]}<\/script>\n<!-- \/ Yoast SEO plugin. -->","yoast_head_json":{"title":"Wir sind - DWS Inventory","description":"DWS Inventory GmbH ist eine Tochtergesellschaft der 2005 gegr\u00fcndeten Discount Warehouse Systems Hungary GmbH.","robots":{"index":"index","follow":"follow","max-snippet":"max-snippet:-1","max-image-preview":"max-image-preview:large","max-video-preview":"max-video-preview:-1"},"canonical":"https:\/\/dwsinventory.hu\/rolunk\/","og_locale":"de_DE","og_type":"article","og_title":"Wir sind - DWS Inventory","og_description":"DWS Inventory GmbH ist eine Tochtergesellschaft der 2005 gegr\u00fcndeten Discount Warehouse Systems Hungary GmbH.","og_url":"https:\/\/dwsinventory.hu\/rolunk\/","og_site_name":"DWS Inventory","article_modified_time":"2021-04-09T14:30:37+00:00","twitter_card":"summary_large_image","twitter_misc":{"Gesch\u00e4tzte Lesezeit":"1\u00a0Minute"},"schema":{"@context":"https:\/\/schema.org","@graph":[{"@type":"WebPage","@id":"https:\/\/dwsinventory.hu\/rolunk\/","url":"https:\/\/dwsinventory.hu\/rolunk\/","name":"Wir sind - DWS Inventory","isPartOf":{"@id":"https:\/\/dwsinventory.hu\/#website"},"datePublished":"2017-08-17T07:12:19+00:00","dateModified":"2021-04-09T14:30:37+00:00","description":"DWS Inventory GmbH ist eine Tochtergesellschaft der 2005 gegr\u00fcndeten Discount Warehouse Systems Hungary GmbH.","breadcrumb":{"@id":"https:\/\/dwsinventory.hu\/rolunk\/#breadcrumb"},"inLanguage":"de","potentialAction":[{"@type":"ReadAction","target":["https:\/\/dwsinventory.hu\/rolunk\/"]}]},{"@type":"BreadcrumbList","@id":"https:\/\/dwsinventory.hu\/rolunk\/#breadcrumb","itemListElement":[{"@type":"ListItem","position":1,"name":"Home","item":"https:\/\/dwsinventory.hu\/"},{"@type":"ListItem","position":2,"name":"Wir sind"}]},{"@type":"WebSite","@id":"https:\/\/dwsinventory.hu\/#website","url":"https:\/\/dwsinventory.hu\/","name":"DWS Inventory","description":"Inventur, Inventurkontrolle","potentialAction":[{"@type":"SearchAction","target":{"@type":"EntryPoint","urlTemplate":"https:\/\/dwsinventory.hu\/?s={search_term_string}"},"query-input":{"@type":"PropertyValueSpecification","valueRequired":true,"valueName":"search_term_string"}}],"inLanguage":"de"}]}},"_links":{"self":[{"href":"https:\/\/dwsinventory.hu\/de\/wp-json\/wp\/v2\/pages\/138","targetHints":{"allow":["GET"]}}],"collection":[{"href":"https:\/\/dwsinventory.hu\/de\/wp-json\/wp\/v2\/pages"}],"about":[{"href":"https:\/\/dwsinventory.hu\/de\/wp-json\/wp\/v2\/types\/page"}],"author":[{"embeddable":true,"href":"https:\/\/dwsinventory.hu\/de\/wp-json\/wp\/v2\/users\/5"}],"replies":[{"embeddable":true,"href":"https:\/\/dwsinventory.hu\/de\/wp-json\/wp\/v2\/comments?post=138"}],"version-history":[{"count":2,"href":"https:\/\/dwsinventory.hu\/de\/wp-json\/wp\/v2\/pages\/138\/revisions"}],"predecessor-version":[{"id":852,"href":"https:\/\/dwsinventory.hu\/de\/wp-json\/wp\/v2\/pages\/138\/revisions\/852"}],"wp:attachment":[{"href":"https:\/\/dwsinventory.hu\/de\/wp-json\/wp\/v2\/media?parent=138"}],"curies":[{"name":"wp","href":"https:\/\/api.w.org\/{rel}","templated":true}]}}